{"id":2724,"date":"2025-02-14T14:01:45","date_gmt":"2025-02-14T14:01:45","guid":{"rendered":"https:\/\/profilm.es\/lost-password\/"},"modified":"2025-05-22T14:47:52","modified_gmt":"2025-05-22T14:47:52","slug":"lost-password","status":"publish","type":"page","link":"https:\/\/profilm.es\/en\/lost-password\/","title":{"rendered":"Lost Password"},"content":{"rendered":"\t\t<div data-elementor-type=\"wp-page\" data-elementor-id=\"2724\" class=\"elementor elementor-2724 elementor-969\" data-elementor-post-type=\"page\">\n\t\t\t\t<header class=\"elementor-element elementor-element-38f23da e-con-full e-flex elementor-invisible e-con e-child\" data-id=\"38f23da\" data-element_type=\"container\" data-e-type=\"container\" data-settings=\"{&quot;background_background&quot;:&quot;classic&quot;,&quot;sticky_effects_offset&quot;:150,&quot;animation&quot;:&quot;slideInDown&quot;,&quot;sticky&quot;:&quot;top&quot;,&quot;sticky_on&quot;:[&quot;desktop&quot;,&quot;laptop&quot;,&quot;tablet&quot;,&quot;mobile&quot;],&quot;sticky_offset&quot;:0,&quot;sticky_anchor_link_offset&quot;:0}\">\n\t\t<div class=\"elementor-element elementor-element-b071bc0 e-con-full e-flex e-con e-child\" data-id=\"b071bc0\" data-element_type=\"container\" data-e-type=\"container\">\n\t\t\t\t<div class=\"elementor-element elementor-element-b6825a7 elementor-view-default elementor-widget elementor-widget-icon\" data-id=\"b6825a7\" data-element_type=\"widget\" data-e-type=\"widget\" data-widget_type=\"icon.default\">\n\t\t\t\t<div class=\"elementor-widget-container\">\n\t\t\t\t\t\t\t<div class=\"elementor-icon-wrapper\">\n\t\t\t<a class=\"elementor-icon\" href=\"#elementor-action%3Aaction%3Dpopup%3Aopen%26settings%3DeyJpZCI6Mjc2OSwidG9nZ2xlIjpmYWxzZX0%3D\">\n\t\t\t<i aria-hidden=\"true\" class=\"xlwpf wppb-font-hamburger\"><\/i>\t\t\t<\/a>\n\t\t<\/div>\n\t\t\t\t\t\t<\/div>\n\t\t\t\t<\/div>\n\t\t\t\t<div class=\"elementor-element elementor-element-46d6232 elementor-widget__width-initial elementor-widget elementor-widget-shortcode\" data-id=\"46d6232\" data-element_type=\"widget\" data-e-type=\"widget\" data-widget_type=\"shortcode.default\">\n\t\t\t\t<div class=\"elementor-widget-container\">\n\t\t\t\t\t\t\t<div class=\"elementor-shortcode\">\n<div\n\t role=\"navigation\" aria-label=\"Language Switcher\" class=\"wpml-ls-statics-shortcode_actions wpml-ls wpml-ls-legacy-dropdown js-wpml-ls-legacy-dropdown\">\n\t<ul>\n\t\t<li class=\"wpml-ls-slot-shortcode_actions wpml-ls-item wpml-ls-item-en wpml-ls-current-language wpml-ls-first-item wpml-ls-item-legacy-dropdown\">\n\t\t\t<a href=\"#\" hreflang=\"\" lang=\"\" class=\"js-wpml-ls-item-toggle wpml-ls-item-toggle\" aria-current=\"page\" aria-expanded=\"false\" aria-controls=\"wpml-ls-submenu-default\" aria-label=\"Language switcher, press tab to navigate to other languages\" title=\"Switch to (ENG)\">\n\t\t\t\t<span class=\"wpml-ls-native\">(ENG)<\/span><\/a>\n\n\t\t\t<ul id=\"wpml-ls-submenu-default\" class=\"wpml-ls-sub-menu\">\n\t\t\t\t\n\t\t\t\t\t<li class=\"wpml-ls-slot-shortcode_actions wpml-ls-item wpml-ls-item-fr\">\n\t\t\t\t\t\t<a href=\"https:\/\/profilm.es\/fr\/\" hreflang=\"fr\" lang=\"fr\" class=\"wpml-ls-link\" aria-label=\"Switch to (FRA)\" title=\"Switch to (FRA)\">\n\t\t\t\t\t\t\t<span class=\"wpml-ls-native\">(FRA)<\/span><\/a>\n\t\t\t\t\t<\/li>\n\n\t\t\t\t\n\t\t\t\t\t<li class=\"wpml-ls-slot-shortcode_actions wpml-ls-item wpml-ls-item-es wpml-ls-last-item\">\n\t\t\t\t\t\t<a href=\"https:\/\/profilm.es\/\" hreflang=\"es\" lang=\"es\" class=\"wpml-ls-link\" aria-label=\"Switch to (ESP)\" title=\"Switch to (ESP)\">\n\t\t\t\t\t\t\t<span class=\"wpml-ls-native\">(ESP)<\/span><\/a>\n\t\t\t\t\t<\/li>\n\n\t\t\t\t\t\t\t<\/ul>\n\n\t\t<\/li>\n\n\t<\/ul>\n<\/div>\n<\/div>\n\t\t\t\t\t\t<\/div>\n\t\t\t\t<\/div>\n\t\t\t\t<\/div>\n\t\t\t\t<\/header>\n\t\t<div class=\"elementor-element elementor-element-1558c34 e-con-full hero e-flex e-con e-child\" data-id=\"1558c34\" data-element_type=\"container\" data-e-type=\"container\" data-settings=\"{&quot;background_background&quot;:&quot;classic&quot;}\">\n\t\t<div class=\"elementor-element elementor-element-dbad14a e-con-full e-flex e-con e-child\" data-id=\"dbad14a\" data-element_type=\"container\" data-e-type=\"container\" data-settings=\"{&quot;position&quot;:&quot;absolute&quot;}\">\n\t\t\t\t<div class=\"elementor-element elementor-element-f1dfc11 e-transform elementor-widget elementor-widget-shortcode\" data-id=\"f1dfc11\" data-element_type=\"widget\" data-e-type=\"widget\" data-settings=\"{&quot;_transform_translateY_effect&quot;:{&quot;unit&quot;:&quot;px&quot;,&quot;size&quot;:-100,&quot;sizes&quot;:[]},&quot;_transform_translateY_effect_tablet&quot;:{&quot;unit&quot;:&quot;px&quot;,&quot;size&quot;:0,&quot;sizes&quot;:[]},&quot;_transform_translateX_effect&quot;:{&quot;unit&quot;:&quot;px&quot;,&quot;size&quot;:&quot;&quot;,&quot;sizes&quot;:[]},&quot;_transform_translateX_effect_laptop&quot;:{&quot;unit&quot;:&quot;px&quot;,&quot;size&quot;:&quot;&quot;,&quot;sizes&quot;:[]},&quot;_transform_translateX_effect_tablet&quot;:{&quot;unit&quot;:&quot;px&quot;,&quot;size&quot;:&quot;&quot;,&quot;sizes&quot;:[]},&quot;_transform_translateX_effect_mobile&quot;:{&quot;unit&quot;:&quot;px&quot;,&quot;size&quot;:&quot;&quot;,&quot;sizes&quot;:[]},&quot;_transform_translateY_effect_laptop&quot;:{&quot;unit&quot;:&quot;px&quot;,&quot;size&quot;:&quot;&quot;,&quot;sizes&quot;:[]},&quot;_transform_translateY_effect_mobile&quot;:{&quot;unit&quot;:&quot;px&quot;,&quot;size&quot;:&quot;&quot;,&quot;sizes&quot;:[]}}\" data-widget_type=\"shortcode.default\">\n\t\t\t\t<div class=\"elementor-widget-container\">\n\t\t\t\t\t\t\t<div class=\"elementor-shortcode\"><div id=\"user-registration\" class=\"user-registration\">\n\n<div class=\"user-registration-message-container\">\n\t<\/div>\n\n<div class=\"ur-frontend-form login ur-frontend-form--rounded ur-frontend-form--rounded-edge\" id=\"ur-frontend-form\">\n\t<form method=\"post\" class=\"user-registration-ResetPassword ur_lost_reset_password\">\n\t\t<div class=\"ur-form-row\">\n\t\t\t<div class=\"ur-form-grid\">\n\t\t\t\t<div class=\"ur-lost-password-content-container\">\n\n\t\t\t\t<p class=\"ur-lost-password-title\">\n\t\t\t\tLost your password? \t\t\t\t<\/p>\n\t\t\t\t<p class=\"ur-lost-password-message\">\n\t\t\t\tNo worries, we\u2019ll send you reset instructions via email.\t\t\t\t\t<\/p>\n\t\t\t\t<\/div>\n\n\t\t\t\t<p class=\"user-registration-form-row user-registration-form-row--first form-row form-row-first\">\n\t\t\t\t\t<label for=\"user_login\">\n\t\t\t\t\t\tUsername or Email\t\t\t\t\t\t<abbr class=\"required\" title=\"required\">*<\/abbr><\/label>\n\n\t\t\t\t\t<div class=\"ur-input-with-icon\">\n\t\t\t\t\t\t<svg xmlns=\"http:\/\/www.w3.org\/2000\/svg\" width=\"14\" height=\"15\" viewBox=\"0 0 14 15\" fill=\"none\" class=\"input-icon\">\n\t\t\t\t\t<path d=\"M2.33561 2.83301H11.6689C12.3106 2.83301 12.8356 3.35801 12.8356 3.99967V10.9997C12.8356 11.6413 12.3106 12.1663 11.6689 12.1663H2.33561C1.69395 12.1663 1.16895 11.6413 1.16895 10.9997V3.99967C1.16895 3.35801 1.69395 2.83301 2.33561 2.83301Z\" stroke=\"#858585\" stroke-linecap=\"round\" stroke-linejoin=\"round\"\/>\n\t\t\t\t\t\t<path d=\"M12.8356 4L7.00228 8.08333L1.16895 4\" stroke=\"#858585\" stroke-linecap=\"round\" stroke-linejoin=\"round\"\/>\n\t\t\t\t\t\t<\/svg>\n\t\t\t\t\t\t<input class=\"form-control user-registration-Input user-registration-Input--text\" type=\"text\" name=\"user_login\" id=\"user_login\" placeholder=\"Enter your email\" \/>\n\t\t\t\t<\/div>\n\n\t\t\t\t<\/p>\n\n\t\t\t\t<div class=\"clear\"><\/div>\n\n\t\t\t\t\n\t\t\t\t\n\t\t\t\t<p class=\"user-registration-form-row form-row\">\n\t\t\t\t\t<input type=\"hidden\" name=\"ur_reset_password\" value=\"true\" \/>\n\t\t\t\t\t<input type=\"submit\" class=\"user-registration-Button button ur-reset-password-btn\" value=\"Reset password \"\/>\n\t\t\t\t<\/p>\n\n\t\t\t\t<input type=\"hidden\" id=\"_wpnonce\" name=\"_wpnonce\" value=\"042276bbef\" \/><input type=\"hidden\" name=\"_wp_http_referer\" value=\"\/en\/wp-json\/wp\/v2\/pages\/2724\" \/>\t\t\t<\/div>\n\t\t<\/div>\n\t<\/form>\n<\/div>\n<\/div><\/div>\n\t\t\t\t\t\t<\/div>\n\t\t\t\t<\/div>\n\t\t\t\t<div class=\"elementor-element elementor-element-1365510 elementor-widget elementor-widget-html\" data-id=\"1365510\" data-element_type=\"widget\" data-e-type=\"widget\" data-widget_type=\"html.default\">\n\t\t\t\t<div class=\"elementor-widget-container\">\n\t\t\t\t\t<script>document.addEventListener(\"DOMContentLoaded\", function() {\n    \/\/ Traducci\u00f3n del t\u00edtulo\n    let title = document.querySelector(\".ur-lost-password-title\");\n    if (title) title.innerText = \"Restablecer contrase\u00f1a\";\n\n    \/\/ Traducci\u00f3n del mensaje\n    let message = document.querySelector(\".ur-lost-password-message\");\n    if (message) message.innerText = \"Te enviaremos las instrucciones para restablecer tu contrase\u00f1a por correo electr\u00f3nico.\";\n\n    \/\/ Traducci\u00f3n del label del input\n    let label = document.querySelector(\"label[for='user_login']\");\n    if (label) label.innerHTML = \"Correo electr\u00f3nico o nombre de usuario <abbr class='required' title='obligatorio'>*<\/abbr>\";\n\n    \/\/ Traducci\u00f3n del placeholder del input\n    let input = document.querySelector(\"#user_login\");\n    if (input) input.placeholder = \"Introduce tu correo electr\u00f3nico\";\n\n    \/\/ Traducci\u00f3n del bot\u00f3n\n    let button = document.querySelector(\".ur-reset-password-btn\");\n    if (button) button.value = \"Restablecer\";\n});\n<\/script>\t\t\t\t<\/div>\n\t\t\t\t<\/div>\n\t\t\t\t<\/div>\n\t\t\t\t<div class=\"elementor-element elementor-element-6a510c2 elementor-widget__width-inherit animated-slow elementor-invisible elementor-widget elementor-widget-image\" data-id=\"6a510c2\" data-element_type=\"widget\" data-e-type=\"widget\" data-settings=\"{&quot;_animation&quot;:&quot;fadeIn&quot;}\" data-widget_type=\"image.default\">\n\t\t\t\t<div class=\"elementor-widget-container\">\n\t\t\t\t\t\t\t\t\t\t\t\t\t\t\t<img fetchpriority=\"high\" decoding=\"async\" width=\"1618\" height=\"207\" src=\"https:\/\/profilm.es\/wp-content\/uploads\/2025\/02\/logo-amarillo.svg\" class=\"attachment-full size-full wp-image-2552\" alt=\"\" \/>\t\t\t\t\t\t\t\t\t\t\t\t\t\t\t<\/div>\n\t\t\t\t<\/div>\n\t\t\t\t<\/div>\n\t\t\t\t<\/div>\n\t\t","protected":false},"excerpt":{"rendered":"","protected":false},"author":1,"featured_media":0,"parent":0,"menu_order":0,"comment_status":"closed","ping_status":"closed","template":"elementor_canvas","meta":{"footnotes":""},"class_list":["post-2724","page","type-page","status-publish","hentry"],"yoast_head":"<!-- This site is optimized with the Yoast SEO Premium plugin v23.6 (Yoast SEO v27.3) - https:\/\/yoast.com\/product\/yoast-seo-premium-wordpress\/ -->\n<title>Lost Password | PROFILM<\/title>\n<meta name=\"robots\" content=\"index, follow, max-snippet:-1, max-image-preview:large, max-video-preview:-1\" \/>\n<link rel=\"canonical\" href=\"https:\/\/profilm.es\/en\/lost-password\/\" \/>\n<meta property=\"og:locale\" content=\"en_US\" \/>\n<meta property=\"og:type\" content=\"article\" \/>\n<meta property=\"og:title\" content=\"Lost Password\" \/>\n<meta property=\"og:url\" content=\"https:\/\/profilm.es\/en\/lost-password\/\" \/>\n<meta property=\"og:site_name\" content=\"PROFILM\" \/>\n<meta property=\"article:publisher\" content=\"https:\/\/www.facebook.com\/ProductorasAudiovisualInternacional.Profilm\/\" \/>\n<meta property=\"article:modified_time\" content=\"2025-05-22T14:47:52+00:00\" \/>\n<meta property=\"og:image\" content=\"https:\/\/profilm.es\/wp-content\/uploads\/2025\/02\/Profilm_Miniatura.jpg\" \/>\n\t<meta property=\"og:image:width\" content=\"1200\" \/>\n\t<meta property=\"og:image:height\" content=\"675\" \/>\n\t<meta property=\"og:image:type\" content=\"image\/jpeg\" \/>\n<meta name=\"twitter:card\" content=\"summary_large_image\" \/>\n<meta name=\"twitter:site\" content=\"@PROFILM_esp\" \/>\n<script type=\"application\/ld+json\" class=\"yoast-schema-graph\">{\"@context\":\"https:\\\/\\\/schema.org\",\"@graph\":[{\"@type\":\"WebPage\",\"@id\":\"https:\\\/\\\/profilm.es\\\/en\\\/lost-password\\\/\",\"url\":\"https:\\\/\\\/profilm.es\\\/en\\\/lost-password\\\/\",\"name\":\"Lost Password | PROFILM\",\"isPartOf\":{\"@id\":\"https:\\\/\\\/profilm.es\\\/en\\\/#website\"},\"primaryImageOfPage\":{\"@id\":\"https:\\\/\\\/profilm.es\\\/en\\\/lost-password\\\/#primaryimage\"},\"image\":{\"@id\":\"https:\\\/\\\/profilm.es\\\/en\\\/lost-password\\\/#primaryimage\"},\"thumbnailUrl\":\"https:\\\/\\\/profilm.es\\\/wp-content\\\/uploads\\\/2025\\\/02\\\/logo-amarillo.svg\",\"datePublished\":\"2025-02-14T14:01:45+00:00\",\"dateModified\":\"2025-05-22T14:47:52+00:00\",\"breadcrumb\":{\"@id\":\"https:\\\/\\\/profilm.es\\\/en\\\/lost-password\\\/#breadcrumb\"},\"inLanguage\":\"en-US\",\"potentialAction\":[{\"@type\":\"ReadAction\",\"target\":[\"https:\\\/\\\/profilm.es\\\/en\\\/lost-password\\\/\"]}]},{\"@type\":\"ImageObject\",\"inLanguage\":\"en-US\",\"@id\":\"https:\\\/\\\/profilm.es\\\/en\\\/lost-password\\\/#primaryimage\",\"url\":\"https:\\\/\\\/profilm.es\\\/wp-content\\\/uploads\\\/2025\\\/02\\\/logo-amarillo.svg\",\"contentUrl\":\"https:\\\/\\\/profilm.es\\\/wp-content\\\/uploads\\\/2025\\\/02\\\/logo-amarillo.svg\"},{\"@type\":\"BreadcrumbList\",\"@id\":\"https:\\\/\\\/profilm.es\\\/en\\\/lost-password\\\/#breadcrumb\",\"itemListElement\":[{\"@type\":\"ListItem\",\"position\":1,\"name\":\"Portada\",\"item\":\"https:\\\/\\\/profilm.es\\\/en\\\/\"},{\"@type\":\"ListItem\",\"position\":2,\"name\":\"Lost Password\"}]},{\"@type\":\"WebSite\",\"@id\":\"https:\\\/\\\/profilm.es\\\/en\\\/#website\",\"url\":\"https:\\\/\\\/profilm.es\\\/en\\\/\",\"name\":\"PROFILM\",\"description\":\"Producimos el audiovisual internacional en Espa\u00f1a. Nuestro objetivo: que m\u00e1s producciones escojan Espa\u00f1a para rodar sus pel\u00edculas y series\",\"publisher\":{\"@id\":\"https:\\\/\\\/profilm.es\\\/en\\\/#organization\"},\"potentialAction\":[{\"@type\":\"SearchAction\",\"target\":{\"@type\":\"EntryPoint\",\"urlTemplate\":\"https:\\\/\\\/profilm.es\\\/en\\\/?s={search_term_string}\"},\"query-input\":{\"@type\":\"PropertyValueSpecification\",\"valueRequired\":true,\"valueName\":\"search_term_string\"}}],\"inLanguage\":\"en-US\"},{\"@type\":\"Organization\",\"@id\":\"https:\\\/\\\/profilm.es\\\/en\\\/#organization\",\"name\":\"PROFILM\",\"url\":\"https:\\\/\\\/profilm.es\\\/en\\\/\",\"logo\":{\"@type\":\"ImageObject\",\"inLanguage\":\"en-US\",\"@id\":\"https:\\\/\\\/profilm.es\\\/en\\\/#\\\/schema\\\/logo\\\/image\\\/\",\"url\":\"https:\\\/\\\/profilm.es\\\/wp-content\\\/uploads\\\/2025\\\/02\\\/PROFILM_Logo-01.svg\",\"contentUrl\":\"https:\\\/\\\/profilm.es\\\/wp-content\\\/uploads\\\/2025\\\/02\\\/PROFILM_Logo-01.svg\",\"width\":248,\"height\":78,\"caption\":\"PROFILM\"},\"image\":{\"@id\":\"https:\\\/\\\/profilm.es\\\/en\\\/#\\\/schema\\\/logo\\\/image\\\/\"},\"sameAs\":[\"https:\\\/\\\/www.facebook.com\\\/ProductorasAudiovisualInternacional.Profilm\\\/\",\"https:\\\/\\\/x.com\\\/PROFILM_esp\",\"https:\\\/\\\/www.linkedin.com\\\/in\\\/profilm-asociacion-421860177\\\/\"]}]}<\/script>\n<!-- \/ Yoast SEO Premium plugin. -->","yoast_head_json":{"title":"Lost Password | PROFILM","robots":{"index":"index","follow":"follow","max-snippet":"max-snippet:-1","max-image-preview":"max-image-preview:large","max-video-preview":"max-video-preview:-1"},"canonical":"https:\/\/profilm.es\/en\/lost-password\/","og_locale":"en_US","og_type":"article","og_title":"Lost Password","og_url":"https:\/\/profilm.es\/en\/lost-password\/","og_site_name":"PROFILM","article_publisher":"https:\/\/www.facebook.com\/ProductorasAudiovisualInternacional.Profilm\/","article_modified_time":"2025-05-22T14:47:52+00:00","og_image":[{"width":1200,"height":675,"url":"https:\/\/profilm.es\/wp-content\/uploads\/2025\/02\/Profilm_Miniatura.jpg","type":"image\/jpeg"}],"twitter_card":"summary_large_image","twitter_site":"@PROFILM_esp","schema":{"@context":"https:\/\/schema.org","@graph":[{"@type":"WebPage","@id":"https:\/\/profilm.es\/en\/lost-password\/","url":"https:\/\/profilm.es\/en\/lost-password\/","name":"Lost Password | PROFILM","isPartOf":{"@id":"https:\/\/profilm.es\/en\/#website"},"primaryImageOfPage":{"@id":"https:\/\/profilm.es\/en\/lost-password\/#primaryimage"},"image":{"@id":"https:\/\/profilm.es\/en\/lost-password\/#primaryimage"},"thumbnailUrl":"https:\/\/profilm.es\/wp-content\/uploads\/2025\/02\/logo-amarillo.svg","datePublished":"2025-02-14T14:01:45+00:00","dateModified":"2025-05-22T14:47:52+00:00","breadcrumb":{"@id":"https:\/\/profilm.es\/en\/lost-password\/#breadcrumb"},"inLanguage":"en-US","potentialAction":[{"@type":"ReadAction","target":["https:\/\/profilm.es\/en\/lost-password\/"]}]},{"@type":"ImageObject","inLanguage":"en-US","@id":"https:\/\/profilm.es\/en\/lost-password\/#primaryimage","url":"https:\/\/profilm.es\/wp-content\/uploads\/2025\/02\/logo-amarillo.svg","contentUrl":"https:\/\/profilm.es\/wp-content\/uploads\/2025\/02\/logo-amarillo.svg"},{"@type":"BreadcrumbList","@id":"https:\/\/profilm.es\/en\/lost-password\/#breadcrumb","itemListElement":[{"@type":"ListItem","position":1,"name":"Portada","item":"https:\/\/profilm.es\/en\/"},{"@type":"ListItem","position":2,"name":"Lost Password"}]},{"@type":"WebSite","@id":"https:\/\/profilm.es\/en\/#website","url":"https:\/\/profilm.es\/en\/","name":"PROFILM","description":"Producimos el audiovisual internacional en Espa\u00f1a. Nuestro objetivo: que m\u00e1s producciones escojan Espa\u00f1a para rodar sus pel\u00edculas y series","publisher":{"@id":"https:\/\/profilm.es\/en\/#organization"},"potentialAction":[{"@type":"SearchAction","target":{"@type":"EntryPoint","urlTemplate":"https:\/\/profilm.es\/en\/?s={search_term_string}"},"query-input":{"@type":"PropertyValueSpecification","valueRequired":true,"valueName":"search_term_string"}}],"inLanguage":"en-US"},{"@type":"Organization","@id":"https:\/\/profilm.es\/en\/#organization","name":"PROFILM","url":"https:\/\/profilm.es\/en\/","logo":{"@type":"ImageObject","inLanguage":"en-US","@id":"https:\/\/profilm.es\/en\/#\/schema\/logo\/image\/","url":"https:\/\/profilm.es\/wp-content\/uploads\/2025\/02\/PROFILM_Logo-01.svg","contentUrl":"https:\/\/profilm.es\/wp-content\/uploads\/2025\/02\/PROFILM_Logo-01.svg","width":248,"height":78,"caption":"PROFILM"},"image":{"@id":"https:\/\/profilm.es\/en\/#\/schema\/logo\/image\/"},"sameAs":["https:\/\/www.facebook.com\/ProductorasAudiovisualInternacional.Profilm\/","https:\/\/x.com\/PROFILM_esp","https:\/\/www.linkedin.com\/in\/profilm-asociacion-421860177\/"]}]}},"_links":{"self":[{"href":"https:\/\/profilm.es\/en\/wp-json\/wp\/v2\/pages\/2724","targetHints":{"allow":["GET"]}}],"collection":[{"href":"https:\/\/profilm.es\/en\/wp-json\/wp\/v2\/pages"}],"about":[{"href":"https:\/\/profilm.es\/en\/wp-json\/wp\/v2\/types\/page"}],"author":[{"embeddable":true,"href":"https:\/\/profilm.es\/en\/wp-json\/wp\/v2\/users\/1"}],"replies":[{"embeddable":true,"href":"https:\/\/profilm.es\/en\/wp-json\/wp\/v2\/comments?post=2724"}],"version-history":[{"count":2,"href":"https:\/\/profilm.es\/en\/wp-json\/wp\/v2\/pages\/2724\/revisions"}],"predecessor-version":[{"id":3043,"href":"https:\/\/profilm.es\/en\/wp-json\/wp\/v2\/pages\/2724\/revisions\/3043"}],"wp:attachment":[{"href":"https:\/\/profilm.es\/en\/wp-json\/wp\/v2\/media?parent=2724"}],"curies":[{"name":"wp","href":"https:\/\/api.w.org\/{rel}","templated":true}]}}