{"id":2750,"date":"2025-02-07T15:48:45","date_gmt":"2025-02-07T15:48:45","guid":{"rendered":"https:\/\/profilm.es\/cookies\/"},"modified":"2025-05-22T15:11:33","modified_gmt":"2025-05-22T15:11:33","slug":"cookies","status":"publish","type":"page","link":"https:\/\/profilm.es\/en\/cookies\/","title":{"rendered":"Cookies"},"content":{"rendered":"\t\t<div data-elementor-type=\"wp-page\" data-elementor-id=\"2750\" class=\"elementor elementor-2750 elementor-30\" data-elementor-post-type=\"page\">\n\t\t\t\t<header class=\"elementor-element elementor-element-428b262 e-con-full e-flex elementor-invisible e-con e-child\" data-id=\"428b262\" data-element_type=\"container\" data-e-type=\"container\" data-settings=\"{&quot;background_background&quot;:&quot;classic&quot;,&quot;sticky_effects_offset&quot;:150,&quot;animation&quot;:&quot;slideInDown&quot;,&quot;sticky&quot;:&quot;top&quot;,&quot;sticky_on&quot;:[&quot;desktop&quot;,&quot;laptop&quot;,&quot;tablet&quot;,&quot;mobile&quot;],&quot;sticky_offset&quot;:0,&quot;sticky_anchor_link_offset&quot;:0}\">\n\t\t\t\t<div class=\"elementor-element elementor-element-9ee9c88 elementor-widget__width-initial elementor-widget-mobile__width-initial site-logo-home elementor-widget elementor-widget-theme-site-logo elementor-widget-image\" data-id=\"9ee9c88\" data-element_type=\"widget\" data-e-type=\"widget\" data-widget_type=\"theme-site-logo.default\">\n\t\t\t\t<div class=\"elementor-widget-container\">\n\t\t\t\t\t\t\t\t\t\t\t<a href=\"https:\/\/profilm.es\/en\/\">\n\t\t\t<img decoding=\"async\" width=\"248\" height=\"78\" src=\"https:\/\/profilm.es\/wp-content\/uploads\/2025\/02\/PROFILM_Logo-01.svg\" class=\"attachment-full size-full wp-image-193\" alt=\"\" \/>\t\t\t\t<\/a>\n\t\t\t\t\t\t\t\t\t\t\t<\/div>\n\t\t\t\t<\/div>\n\t\t<div class=\"elementor-element elementor-element-e602487 e-con-full e-flex e-con e-child\" data-id=\"e602487\" data-element_type=\"container\" data-e-type=\"container\">\n\t\t\t\t<div class=\"elementor-element elementor-element-4cc0e86 elementor-view-default elementor-widget elementor-widget-icon\" data-id=\"4cc0e86\" data-element_type=\"widget\" data-e-type=\"widget\" data-widget_type=\"icon.default\">\n\t\t\t\t<div class=\"elementor-widget-container\">\n\t\t\t\t\t\t\t<div class=\"elementor-icon-wrapper\">\n\t\t\t<a class=\"elementor-icon\" href=\"#elementor-action%3Aaction%3Dpopup%3Aopen%26settings%3DeyJpZCI6Mjc2OSwidG9nZ2xlIjpmYWxzZX0%3D\">\n\t\t\t<i aria-hidden=\"true\" class=\"xlwpf wppb-font-hamburger\"><\/i>\t\t\t<\/a>\n\t\t<\/div>\n\t\t\t\t\t\t<\/div>\n\t\t\t\t<\/div>\n\t\t\t\t<div class=\"elementor-element elementor-element-1772ccc elementor-widget__width-initial elementor-widget elementor-widget-shortcode\" data-id=\"1772ccc\" data-element_type=\"widget\" data-e-type=\"widget\" data-widget_type=\"shortcode.default\">\n\t\t\t\t<div class=\"elementor-widget-container\">\n\t\t\t\t\t\t\t<div class=\"elementor-shortcode\">\n<div\n\t role=\"navigation\" aria-label=\"Language Switcher\" class=\"wpml-ls-statics-shortcode_actions wpml-ls wpml-ls-legacy-dropdown js-wpml-ls-legacy-dropdown\">\n\t<ul>\n\t\t<li class=\"wpml-ls-slot-shortcode_actions wpml-ls-item wpml-ls-item-en wpml-ls-current-language wpml-ls-first-item wpml-ls-item-legacy-dropdown\">\n\t\t\t<a href=\"#\" hreflang=\"\" lang=\"\" class=\"js-wpml-ls-item-toggle wpml-ls-item-toggle\" aria-current=\"page\" aria-expanded=\"false\" aria-controls=\"wpml-ls-submenu-default\" aria-label=\"Language switcher, press tab to navigate to other languages\" title=\"Switch to (ENG)\">\n\t\t\t\t<span class=\"wpml-ls-native\">(ENG)<\/span><\/a>\n\n\t\t\t<ul id=\"wpml-ls-submenu-default\" class=\"wpml-ls-sub-menu\">\n\t\t\t\t\n\t\t\t\t\t<li class=\"wpml-ls-slot-shortcode_actions wpml-ls-item wpml-ls-item-fr\">\n\t\t\t\t\t\t<a href=\"https:\/\/profilm.es\/fr\/\" hreflang=\"fr\" lang=\"fr\" class=\"wpml-ls-link\" aria-label=\"Switch to (FRA)\" title=\"Switch to (FRA)\">\n\t\t\t\t\t\t\t<span class=\"wpml-ls-native\">(FRA)<\/span><\/a>\n\t\t\t\t\t<\/li>\n\n\t\t\t\t\n\t\t\t\t\t<li class=\"wpml-ls-slot-shortcode_actions wpml-ls-item wpml-ls-item-es wpml-ls-last-item\">\n\t\t\t\t\t\t<a href=\"https:\/\/profilm.es\/\" hreflang=\"es\" lang=\"es\" class=\"wpml-ls-link\" aria-label=\"Switch to (ESP)\" title=\"Switch to (ESP)\">\n\t\t\t\t\t\t\t<span class=\"wpml-ls-native\">(ESP)<\/span><\/a>\n\t\t\t\t\t<\/li>\n\n\t\t\t\t\t\t\t<\/ul>\n\n\t\t<\/li>\n\n\t<\/ul>\n<\/div>\n<\/div>\n\t\t\t\t\t\t<\/div>\n\t\t\t\t<\/div>\n\t\t\t\t<\/div>\n\t\t\t\t<\/header>\n\t\t<div class=\"elementor-element elementor-element-aab57cf e-flex e-con-boxed e-con e-parent\" data-id=\"aab57cf\" data-element_type=\"container\" data-e-type=\"container\" data-settings=\"{&quot;background_background&quot;:&quot;classic&quot;,&quot;motion_fx_motion_fx_scrolling&quot;:&quot;yes&quot;,&quot;motion_fx_range&quot;:&quot;page&quot;,&quot;motion_fx_devices&quot;:[&quot;desktop&quot;,&quot;laptop&quot;,&quot;tablet&quot;,&quot;mobile&quot;]}\">\n\t\t\t\t\t<div class=\"e-con-inner\">\n\t\t\t\t<div class=\"elementor-element elementor-element-74075a4 elementor-widget elementor-widget-heading\" data-id=\"74075a4\" data-element_type=\"widget\" data-e-type=\"widget\" data-widget_type=\"heading.default\">\n\t\t\t\t<div class=\"elementor-widget-container\">\n\t\t\t\t\t<h1 class=\"elementor-heading-title elementor-size-default\">COOKIES<\/h1>\t\t\t\t<\/div>\n\t\t\t\t<\/div>\n\t\t\t\t<div class=\"elementor-element elementor-element-63de297 elementor-widget elementor-widget-text-editor\" data-id=\"63de297\" data-element_type=\"widget\" data-e-type=\"widget\" data-widget_type=\"text-editor.default\">\n\t\t\t\t<div class=\"elementor-widget-container\">\n\t\t\t\t\t\t\t\t\t<h5 data-pm-slice=\"1 1 []\"><strong>What are Cookies?<\/strong><\/h5><p>Cookies are small text files that websites store on the user&#8217;s device when visited. They allow the website to remember information about the visit, facilitating navigation and improving the user experience. <\/p><h5><strong>What Types of Cookies Do We Use?<\/strong><\/h5><ol start=\"1\" data-spread=\"false\"><li><p><strong>Technical cookies<\/strong>: Necessary for the correct functioning of the website and to ensure that users can navigate and use its features.<\/p><\/li><li><p><strong>Personalization cookies<\/strong>: Allow remembering user preferences, such as language or region from where they access.<\/p><\/li><li><p><strong>Analytical cookies<\/strong>: Collect information about the use of the website, allowing to improve its functioning.<\/p><\/li><li><p><strong>Advertising cookies<\/strong>: Used to show relevant ads to the user based on their interests.<\/p><\/li><li><p><strong>Third-party cookies<\/strong>: Some cookies may be installed by third parties, such as Google Analytics or social networks, to improve the user experience and personalize content.<\/p><\/li><\/ol><h5><strong>How to Manage Cookies?<\/strong><\/h5><p>Users can manage or disable cookies through their browser settings. Below are links to the configuration instructions for the main browsers: <\/p><ul data-spread=\"false\"><li><p><a>Google Chrome<\/a><\/p><\/li><li><p><a href=\"https:\/\/support.mozilla.org\/es\/kb\/impedir-que-los-sitios-web-guarden-sus-preferencia\">Mozilla Firefox<\/a><\/p><\/li><li><p><a href=\"https:\/\/support.microsoft.com\/es-es\/microsoft-edge\/eliminar-las-cookies-en-microsoft-edge-63947406-40ac-c3b8-57b9-2a946a29ae09\">Microsoft Edge<\/a><\/p><\/li><li><p><a href=\"https:\/\/support.apple.com\/es-es\/HT201265\">Safari<\/a><\/p><\/li><\/ul><h5><strong>Changes to the Cookie Policy<\/strong><\/h5><p>We reserve the right to modify this Cookie Policy at any time. It is recommended to review this policy periodically to stay informed about any updates. <\/p><p>All trademarks, trade names or distinctive signs of any kind that appear on the PORTAL are the property of PROFILM or third parties, without it being understood that the use of or access to the site and\/or services grants the user any right over said trademarks, trade names and\/or distinctive signs. Likewise, the contents published on the Website, its graphic design, images, databases and source code are the intellectual property of the ASSOCIATION or third parties, without it being understood that any of the exploitation rights that exist or may exist over said contents are assigned to the user, by virtue of what is established in this Legal Notice, beyond what is strictly necessary for the correct use of the PORTAL and the services provided through it. <\/p><p>Access to this Website is the exclusive responsibility of users. Simple access to the PORTAL does not imply entering into any type of commercial relationship between the ASSOCIATION and the user. By accessing it, you accept the following terms and conditions of use.  <\/p>\t\t\t\t\t\t\t\t<\/div>\n\t\t\t\t<\/div>\n\t\t\t\t\t<\/div>\n\t\t\t\t<\/div>\n\t\t<div class=\"elementor-element elementor-element-0ecd4b7 e-con-full e-flex e-con e-parent\" data-id=\"0ecd4b7\" data-element_type=\"container\" data-e-type=\"container\" data-settings=\"{&quot;background_background&quot;:&quot;classic&quot;}\">\n\t\t<div class=\"elementor-element elementor-element-75d8e56 e-con-full hero e-flex e-con e-child\" data-id=\"75d8e56\" data-element_type=\"container\" data-e-type=\"container\" data-settings=\"{&quot;background_background&quot;:&quot;classic&quot;}\">\n\t\t<div class=\"elementor-element elementor-element-8d1effe e-con-full e-flex e-con e-child\" data-id=\"8d1effe\" data-element_type=\"container\" data-e-type=\"container\">\n\t\t<div class=\"elementor-element elementor-element-855c56f e-con-full e-flex e-con e-child\" data-id=\"855c56f\" data-element_type=\"container\" data-e-type=\"container\">\n\t\t\t\t<div class=\"elementor-element elementor-element-25077e5 elementor-widget elementor-widget-heading\" data-id=\"25077e5\" data-element_type=\"widget\" data-e-type=\"widget\" data-widget_type=\"heading.default\">\n\t\t\t\t<div class=\"elementor-widget-container\">\n\t\t\t\t\t<h2 class=\"elementor-heading-title elementor-size-default\">Spanish<br>international<br>audiovisual<br>production companies<\/h2>\t\t\t\t<\/div>\n\t\t\t\t<\/div>\n\t\t\t\t<div class=\"elementor-element elementor-element-1068d56 elementor-widget elementor-widget-heading\" data-id=\"1068d56\" data-element_type=\"widget\" data-e-type=\"widget\" data-widget_type=\"heading.default\">\n\t\t\t\t<div class=\"elementor-widget-container\">\n\t\t\t\t\t<span class=\"elementor-heading-title elementor-size-default\"><a href=\"https:\/\/g.co\/kgs\/Z5E9ny4\" target=\"_blank\">Calle Cruzada 1, 5th Floor M-L<br>28013 Madrid<\/a><\/span>\t\t\t\t<\/div>\n\t\t\t\t<\/div>\n\t\t\t\t<div class=\"elementor-element elementor-element-d679b7c elementor-widget elementor-widget-button\" data-id=\"d679b7c\" data-element_type=\"widget\" data-e-type=\"widget\" data-widget_type=\"button.default\">\n\t\t\t\t<div class=\"elementor-widget-container\">\n\t\t\t\t\t\t\t\t\t<div class=\"elementor-button-wrapper\">\n\t\t\t\t\t<a class=\"elementor-button elementor-button-link elementor-size-sm\" href=\"mailto:lucia@darkslateblue-ram-756368.hostingersite.com\" target=\"_blank\">\n\t\t\t\t\t\t<span class=\"elementor-button-content-wrapper\">\n\t\t\t\t\t\t<span class=\"elementor-button-icon\">\n\t\t\t\t<i aria-hidden=\"true\" class=\"icon icon-flecha-diagonal\"><\/i>\t\t\t<\/span>\n\t\t\t\t\t\t\t\t\t<span class=\"elementor-button-text\">Contact<\/span>\n\t\t\t\t\t<\/span>\n\t\t\t\t\t<\/a>\n\t\t\t\t<\/div>\n\t\t\t\t\t\t\t\t<\/div>\n\t\t\t\t<\/div>\n\t\t\t\t<\/div>\n\t\t<div class=\"elementor-element elementor-element-c8747a1 e-con-full e-flex e-con e-child\" data-id=\"c8747a1\" data-element_type=\"container\" data-e-type=\"container\">\n\t\t\t\t<div class=\"elementor-element elementor-element-efd0cbe elementor-widget elementor-widget-heading\" data-id=\"efd0cbe\" data-element_type=\"widget\" data-e-type=\"widget\" data-widget_type=\"heading.default\">\n\t\t\t\t<div class=\"elementor-widget-container\">\n\t\t\t\t\t<span class=\"elementor-heading-title elementor-size-default\">Subscribe to our<br>news<\/span>\t\t\t\t<\/div>\n\t\t\t\t<\/div>\n\t\t\t\t<div class=\"elementor-element elementor-element-0d518c5 elementor-align-justify elementor-widget__width-initial elementor-widget elementor-widget-button\" data-id=\"0d518c5\" data-element_type=\"widget\" data-e-type=\"widget\" data-widget_type=\"button.default\">\n\t\t\t\t<div class=\"elementor-widget-container\">\n\t\t\t\t\t\t\t\t\t<div class=\"elementor-button-wrapper\">\n\t\t\t\t\t<a class=\"elementor-button elementor-button-link elementor-size-sm\" href=\"mailto:lucia@darkslateblue-ram-756368.hostingersite.com\">\n\t\t\t\t\t\t<span class=\"elementor-button-content-wrapper\">\n\t\t\t\t\t\t<span class=\"elementor-button-icon\">\n\t\t\t\t<i aria-hidden=\"true\" class=\"icon icon-flecha-horizontal\"><\/i>\t\t\t<\/span>\n\t\t\t\t\t\t\t\t\t<span class=\"elementor-button-text\">Write to us<\/span>\n\t\t\t\t\t<\/span>\n\t\t\t\t\t<\/a>\n\t\t\t\t<\/div>\n\t\t\t\t\t\t\t\t<\/div>\n\t\t\t\t<\/div>\n\t\t\t\t<div class=\"elementor-element elementor-element-49b55d5 elementor-invisible elementor-widget elementor-widget-heading\" data-id=\"49b55d5\" data-element_type=\"widget\" data-e-type=\"widget\" data-settings=\"{&quot;_animation&quot;:&quot;fadeInUp&quot;,&quot;_animation_delay&quot;:1200}\" data-widget_type=\"heading.default\">\n\t\t\t\t<div class=\"elementor-widget-container\">\n\t\t\t\t\t<h2 class=\"elementor-heading-title elementor-size-default\"><a href=\"https:\/\/www.linkedin.com\/in\/profilm-asociacion-421860177\" target=\"_blank\">IN<\/a> - \n<a href=\"https:\/\/www.instagram.com\/profilm_esp\" target=\"_blank\">IG<\/a> - \n<a href=\"https:\/\/x.com\/PROFILM_esp\" target=\"_blank\">X<\/a> - \n<a href=\"https:\/\/www.facebook.com\/ProductorasAudiovisualInternacional.Profilm\" target=\"_blank\">FB<\/a><\/h2>\t\t\t\t<\/div>\n\t\t\t\t<\/div>\n\t\t\t\t<\/div>\n\t\t\t\t<\/div>\n\t\t<div class=\"elementor-element elementor-element-a2e0c5c e-con-full e-flex e-con e-child\" data-id=\"a2e0c5c\" data-element_type=\"container\" data-e-type=\"container\">\n\t\t\t\t<div class=\"elementor-element elementor-element-b8766ea elementor-widget__width-inherit animated-slow elementor-invisible elementor-widget elementor-widget-image\" data-id=\"b8766ea\" data-element_type=\"widget\" data-e-type=\"widget\" data-settings=\"{&quot;_animation&quot;:&quot;fadeIn&quot;}\" data-widget_type=\"image.default\">\n\t\t\t\t<div class=\"elementor-widget-container\">\n\t\t\t\t\t\t\t\t\t\t\t\t\t\t\t<img fetchpriority=\"high\" decoding=\"async\" width=\"1618\" height=\"207\" src=\"https:\/\/profilm.es\/wp-content\/uploads\/2025\/02\/logo-negro.svg\" class=\"attachment-full size-full wp-image-2554\" alt=\"\" \/>\t\t\t\t\t\t\t\t\t\t\t\t\t\t\t<\/div>\n\t\t\t\t<\/div>\n\t\t\t\t<div class=\"elementor-element elementor-element-9fb75d0 elementor-nav-menu--dropdown-none elementor-invisible elementor-widget elementor-widget-nav-menu\" data-id=\"9fb75d0\" data-element_type=\"widget\" data-e-type=\"widget\" data-settings=\"{&quot;_animation&quot;:&quot;fadeInUp&quot;,&quot;_animation_delay&quot;:800,&quot;layout&quot;:&quot;horizontal&quot;,&quot;submenu_icon&quot;:{&quot;value&quot;:&quot;&lt;svg aria-hidden=\\&quot;true\\&quot; class=\\&quot;e-font-icon-svg e-fas-caret-down\\&quot; viewBox=\\&quot;0 0 320 512\\&quot; xmlns=\\&quot;http:\\\/\\\/www.w3.org\\\/2000\\\/svg\\&quot;&gt;&lt;path d=\\&quot;M31.3 192h257.3c17.8 0 26.7 21.5 14.1 34.1L174.1 354.8c-7.8 7.8-20.5 7.8-28.3 0L17.2 226.1C4.6 213.5 13.5 192 31.3 192z\\&quot;&gt;&lt;\\\/path&gt;&lt;\\\/svg&gt;&quot;,&quot;library&quot;:&quot;fa-solid&quot;}}\" data-widget_type=\"nav-menu.default\">\n\t\t\t\t<div class=\"elementor-widget-container\">\n\t\t\t\t\t\t\t\t<nav aria-label=\"Men\u00fa\" class=\"elementor-nav-menu--main elementor-nav-menu__container elementor-nav-menu--layout-horizontal e--pointer-none\">\n\t\t\t\t<ul id=\"menu-1-9fb75d0\" class=\"elementor-nav-menu\"><li class=\"menu-item menu-item-type-post_type menu-item-object-page menu-item-42\"><a href=\"https:\/\/profilm.es\/terminos-legales\/\" class=\"elementor-item\">Legal Terms<\/a><\/li>\n<li class=\"menu-item menu-item-type-post_type menu-item-object-page menu-item-40\"><a rel=\"privacy-policy\" href=\"https:\/\/profilm.es\/politica-de-privacidad\/\" class=\"elementor-item\">Privacy Policy<\/a><\/li>\n<li class=\"menu-item menu-item-type-post_type menu-item-object-page menu-item-41\"><a href=\"https:\/\/profilm.es\/cookies\/\" class=\"elementor-item\">Cookies<\/a><\/li>\n<\/ul>\t\t\t<\/nav>\n\t\t\t\t\t\t<nav class=\"elementor-nav-menu--dropdown elementor-nav-menu__container\" aria-hidden=\"true\">\n\t\t\t\t<ul id=\"menu-2-9fb75d0\" class=\"elementor-nav-menu\"><li class=\"menu-item menu-item-type-post_type menu-item-object-page menu-item-42\"><a href=\"https:\/\/profilm.es\/terminos-legales\/\" class=\"elementor-item\" tabindex=\"-1\">Legal Terms<\/a><\/li>\n<li class=\"menu-item menu-item-type-post_type menu-item-object-page menu-item-40\"><a rel=\"privacy-policy\" href=\"https:\/\/profilm.es\/politica-de-privacidad\/\" class=\"elementor-item\" tabindex=\"-1\">Privacy Policy<\/a><\/li>\n<li class=\"menu-item menu-item-type-post_type menu-item-object-page menu-item-41\"><a href=\"https:\/\/profilm.es\/cookies\/\" class=\"elementor-item\" tabindex=\"-1\">Cookies<\/a><\/li>\n<\/ul>\t\t\t<\/nav>\n\t\t\t\t\t\t<\/div>\n\t\t\t\t<\/div>\n\t\t\t\t<\/div>\n\t\t\t\t<\/div>\n\t\t\t\t<\/div>\n\t\t\t\t<\/div>\n\t\t","protected":false},"excerpt":{"rendered":"<p>COOKIES What are Cookies? Cookies are small text files that websites store on the user&#8217;s device when visited. They allow the website to remember information about the visit, facilitating navigation and improving the user experience. What Types of Cookies Do We Use? Technical cookies: Necessary for the correct functioning of the website and to ensure [&hellip;]<\/p>\n","protected":false},"author":1,"featured_media":0,"parent":0,"menu_order":0,"comment_status":"closed","ping_status":"closed","template":"elementor_canvas","meta":{"footnotes":""},"class_list":["post-2750","page","type-page","status-publish","hentry"],"yoast_head":"<!-- This site is optimized with the Yoast SEO Premium plugin v23.6 (Yoast SEO v27.3) - https:\/\/yoast.com\/product\/yoast-seo-premium-wordpress\/ -->\n<title>Cookies | PROFILM<\/title>\n<meta name=\"robots\" content=\"index, follow, max-snippet:-1, max-image-preview:large, max-video-preview:-1\" \/>\n<link rel=\"canonical\" href=\"https:\/\/profilm.es\/en\/cookies\/\" \/>\n<meta property=\"og:locale\" content=\"en_US\" \/>\n<meta property=\"og:type\" content=\"article\" \/>\n<meta property=\"og:title\" content=\"Cookies\" \/>\n<meta property=\"og:description\" content=\"COOKIES What are Cookies? Cookies are small text files that websites store on the user&#8217;s device when visited. They allow the website to remember information about the visit, facilitating navigation and improving the user experience. What Types of Cookies Do We Use? Technical cookies: Necessary for the correct functioning of the website and to ensure [&hellip;]\" \/>\n<meta property=\"og:url\" content=\"https:\/\/profilm.es\/en\/cookies\/\" \/>\n<meta property=\"og:site_name\" content=\"PROFILM\" \/>\n<meta property=\"article:publisher\" content=\"https:\/\/www.facebook.com\/ProductorasAudiovisualInternacional.Profilm\/\" \/>\n<meta property=\"article:modified_time\" content=\"2025-05-22T15:11:33+00:00\" \/>\n<meta property=\"og:image\" content=\"https:\/\/profilm.es\/wp-content\/uploads\/2025\/02\/Profilm_Miniatura.jpg\" \/>\n\t<meta property=\"og:image:width\" content=\"1200\" \/>\n\t<meta property=\"og:image:height\" content=\"675\" \/>\n\t<meta property=\"og:image:type\" content=\"image\/jpeg\" \/>\n<meta name=\"twitter:card\" content=\"summary_large_image\" \/>\n<meta name=\"twitter:site\" content=\"@PROFILM_esp\" \/>\n<meta name=\"twitter:label1\" content=\"Est. reading time\" \/>\n\t<meta name=\"twitter:data1\" content=\"2 minutes\" \/>\n<script type=\"application\/ld+json\" class=\"yoast-schema-graph\">{\"@context\":\"https:\\\/\\\/schema.org\",\"@graph\":[{\"@type\":\"WebPage\",\"@id\":\"https:\\\/\\\/profilm.es\\\/en\\\/cookies\\\/\",\"url\":\"https:\\\/\\\/profilm.es\\\/en\\\/cookies\\\/\",\"name\":\"Cookies | PROFILM\",\"isPartOf\":{\"@id\":\"https:\\\/\\\/profilm.es\\\/en\\\/#website\"},\"primaryImageOfPage\":{\"@id\":\"https:\\\/\\\/profilm.es\\\/en\\\/cookies\\\/#primaryimage\"},\"image\":{\"@id\":\"https:\\\/\\\/profilm.es\\\/en\\\/cookies\\\/#primaryimage\"},\"thumbnailUrl\":\"https:\\\/\\\/profilm.es\\\/wp-content\\\/uploads\\\/2025\\\/02\\\/logo-negro.svg\",\"datePublished\":\"2025-02-07T15:48:45+00:00\",\"dateModified\":\"2025-05-22T15:11:33+00:00\",\"breadcrumb\":{\"@id\":\"https:\\\/\\\/profilm.es\\\/en\\\/cookies\\\/#breadcrumb\"},\"inLanguage\":\"en-US\",\"potentialAction\":[{\"@type\":\"ReadAction\",\"target\":[\"https:\\\/\\\/profilm.es\\\/en\\\/cookies\\\/\"]}]},{\"@type\":\"ImageObject\",\"inLanguage\":\"en-US\",\"@id\":\"https:\\\/\\\/profilm.es\\\/en\\\/cookies\\\/#primaryimage\",\"url\":\"https:\\\/\\\/profilm.es\\\/wp-content\\\/uploads\\\/2025\\\/02\\\/logo-negro.svg\",\"contentUrl\":\"https:\\\/\\\/profilm.es\\\/wp-content\\\/uploads\\\/2025\\\/02\\\/logo-negro.svg\"},{\"@type\":\"BreadcrumbList\",\"@id\":\"https:\\\/\\\/profilm.es\\\/en\\\/cookies\\\/#breadcrumb\",\"itemListElement\":[{\"@type\":\"ListItem\",\"position\":1,\"name\":\"Portada\",\"item\":\"https:\\\/\\\/profilm.es\\\/en\\\/\"},{\"@type\":\"ListItem\",\"position\":2,\"name\":\"Cookies\"}]},{\"@type\":\"WebSite\",\"@id\":\"https:\\\/\\\/profilm.es\\\/en\\\/#website\",\"url\":\"https:\\\/\\\/profilm.es\\\/en\\\/\",\"name\":\"PROFILM\",\"description\":\"Producimos el audiovisual internacional en Espa\u00f1a. Nuestro objetivo: que m\u00e1s producciones escojan Espa\u00f1a para rodar sus pel\u00edculas y series\",\"publisher\":{\"@id\":\"https:\\\/\\\/profilm.es\\\/en\\\/#organization\"},\"potentialAction\":[{\"@type\":\"SearchAction\",\"target\":{\"@type\":\"EntryPoint\",\"urlTemplate\":\"https:\\\/\\\/profilm.es\\\/en\\\/?s={search_term_string}\"},\"query-input\":{\"@type\":\"PropertyValueSpecification\",\"valueRequired\":true,\"valueName\":\"search_term_string\"}}],\"inLanguage\":\"en-US\"},{\"@type\":\"Organization\",\"@id\":\"https:\\\/\\\/profilm.es\\\/en\\\/#organization\",\"name\":\"PROFILM\",\"url\":\"https:\\\/\\\/profilm.es\\\/en\\\/\",\"logo\":{\"@type\":\"ImageObject\",\"inLanguage\":\"en-US\",\"@id\":\"https:\\\/\\\/profilm.es\\\/en\\\/#\\\/schema\\\/logo\\\/image\\\/\",\"url\":\"https:\\\/\\\/profilm.es\\\/wp-content\\\/uploads\\\/2025\\\/02\\\/PROFILM_Logo-01.svg\",\"contentUrl\":\"https:\\\/\\\/profilm.es\\\/wp-content\\\/uploads\\\/2025\\\/02\\\/PROFILM_Logo-01.svg\",\"width\":248,\"height\":78,\"caption\":\"PROFILM\"},\"image\":{\"@id\":\"https:\\\/\\\/profilm.es\\\/en\\\/#\\\/schema\\\/logo\\\/image\\\/\"},\"sameAs\":[\"https:\\\/\\\/www.facebook.com\\\/ProductorasAudiovisualInternacional.Profilm\\\/\",\"https:\\\/\\\/x.com\\\/PROFILM_esp\",\"https:\\\/\\\/www.linkedin.com\\\/in\\\/profilm-asociacion-421860177\\\/\"]}]}<\/script>\n<!-- \/ Yoast SEO Premium plugin. -->","yoast_head_json":{"title":"Cookies | PROFILM","robots":{"index":"index","follow":"follow","max-snippet":"max-snippet:-1","max-image-preview":"max-image-preview:large","max-video-preview":"max-video-preview:-1"},"canonical":"https:\/\/profilm.es\/en\/cookies\/","og_locale":"en_US","og_type":"article","og_title":"Cookies","og_description":"COOKIES What are Cookies? Cookies are small text files that websites store on the user&#8217;s device when visited. They allow the website to remember information about the visit, facilitating navigation and improving the user experience. What Types of Cookies Do We Use? Technical cookies: Necessary for the correct functioning of the website and to ensure [&hellip;]","og_url":"https:\/\/profilm.es\/en\/cookies\/","og_site_name":"PROFILM","article_publisher":"https:\/\/www.facebook.com\/ProductorasAudiovisualInternacional.Profilm\/","article_modified_time":"2025-05-22T15:11:33+00:00","og_image":[{"width":1200,"height":675,"url":"https:\/\/profilm.es\/wp-content\/uploads\/2025\/02\/Profilm_Miniatura.jpg","type":"image\/jpeg"}],"twitter_card":"summary_large_image","twitter_site":"@PROFILM_esp","twitter_misc":{"Est. reading time":"2 minutes"},"schema":{"@context":"https:\/\/schema.org","@graph":[{"@type":"WebPage","@id":"https:\/\/profilm.es\/en\/cookies\/","url":"https:\/\/profilm.es\/en\/cookies\/","name":"Cookies | PROFILM","isPartOf":{"@id":"https:\/\/profilm.es\/en\/#website"},"primaryImageOfPage":{"@id":"https:\/\/profilm.es\/en\/cookies\/#primaryimage"},"image":{"@id":"https:\/\/profilm.es\/en\/cookies\/#primaryimage"},"thumbnailUrl":"https:\/\/profilm.es\/wp-content\/uploads\/2025\/02\/logo-negro.svg","datePublished":"2025-02-07T15:48:45+00:00","dateModified":"2025-05-22T15:11:33+00:00","breadcrumb":{"@id":"https:\/\/profilm.es\/en\/cookies\/#breadcrumb"},"inLanguage":"en-US","potentialAction":[{"@type":"ReadAction","target":["https:\/\/profilm.es\/en\/cookies\/"]}]},{"@type":"ImageObject","inLanguage":"en-US","@id":"https:\/\/profilm.es\/en\/cookies\/#primaryimage","url":"https:\/\/profilm.es\/wp-content\/uploads\/2025\/02\/logo-negro.svg","contentUrl":"https:\/\/profilm.es\/wp-content\/uploads\/2025\/02\/logo-negro.svg"},{"@type":"BreadcrumbList","@id":"https:\/\/profilm.es\/en\/cookies\/#breadcrumb","itemListElement":[{"@type":"ListItem","position":1,"name":"Portada","item":"https:\/\/profilm.es\/en\/"},{"@type":"ListItem","position":2,"name":"Cookies"}]},{"@type":"WebSite","@id":"https:\/\/profilm.es\/en\/#website","url":"https:\/\/profilm.es\/en\/","name":"PROFILM","description":"Producimos el audiovisual internacional en Espa\u00f1a. Nuestro objetivo: que m\u00e1s producciones escojan Espa\u00f1a para rodar sus pel\u00edculas y series","publisher":{"@id":"https:\/\/profilm.es\/en\/#organization"},"potentialAction":[{"@type":"SearchAction","target":{"@type":"EntryPoint","urlTemplate":"https:\/\/profilm.es\/en\/?s={search_term_string}"},"query-input":{"@type":"PropertyValueSpecification","valueRequired":true,"valueName":"search_term_string"}}],"inLanguage":"en-US"},{"@type":"Organization","@id":"https:\/\/profilm.es\/en\/#organization","name":"PROFILM","url":"https:\/\/profilm.es\/en\/","logo":{"@type":"ImageObject","inLanguage":"en-US","@id":"https:\/\/profilm.es\/en\/#\/schema\/logo\/image\/","url":"https:\/\/profilm.es\/wp-content\/uploads\/2025\/02\/PROFILM_Logo-01.svg","contentUrl":"https:\/\/profilm.es\/wp-content\/uploads\/2025\/02\/PROFILM_Logo-01.svg","width":248,"height":78,"caption":"PROFILM"},"image":{"@id":"https:\/\/profilm.es\/en\/#\/schema\/logo\/image\/"},"sameAs":["https:\/\/www.facebook.com\/ProductorasAudiovisualInternacional.Profilm\/","https:\/\/x.com\/PROFILM_esp","https:\/\/www.linkedin.com\/in\/profilm-asociacion-421860177\/"]}]}},"_links":{"self":[{"href":"https:\/\/profilm.es\/en\/wp-json\/wp\/v2\/pages\/2750","targetHints":{"allow":["GET"]}}],"collection":[{"href":"https:\/\/profilm.es\/en\/wp-json\/wp\/v2\/pages"}],"about":[{"href":"https:\/\/profilm.es\/en\/wp-json\/wp\/v2\/types\/page"}],"author":[{"embeddable":true,"href":"https:\/\/profilm.es\/en\/wp-json\/wp\/v2\/users\/1"}],"replies":[{"embeddable":true,"href":"https:\/\/profilm.es\/en\/wp-json\/wp\/v2\/comments?post=2750"}],"version-history":[{"count":3,"href":"https:\/\/profilm.es\/en\/wp-json\/wp\/v2\/pages\/2750\/revisions"}],"predecessor-version":[{"id":3077,"href":"https:\/\/profilm.es\/en\/wp-json\/wp\/v2\/pages\/2750\/revisions\/3077"}],"wp:attachment":[{"href":"https:\/\/profilm.es\/en\/wp-json\/wp\/v2\/media?parent=2750"}],"curies":[{"name":"wp","href":"https:\/\/api.w.org\/{rel}","templated":true}]}}