{"id":2799,"date":"2025-02-14T14:01:45","date_gmt":"2025-02-14T13:01:45","guid":{"rendered":"https:\/\/profilm.es\/connexion\/"},"modified":"2025-05-21T17:06:17","modified_gmt":"2025-05-21T17:06:17","slug":"connexion","status":"publish","type":"page","link":"https:\/\/profilm.es\/fr\/connexion\/","title":{"rendered":"Connexion"},"content":{"rendered":"\t\t<div data-elementor-type=\"wp-page\" data-elementor-id=\"2799\" class=\"elementor elementor-2799 elementor-968\" data-elementor-post-type=\"page\">\n\t\t\t\t<header class=\"elementor-element elementor-element-d7445fc e-con-full e-flex elementor-invisible e-con e-child\" data-id=\"d7445fc\" data-element_type=\"container\" data-e-type=\"container\" data-settings=\"{&quot;background_background&quot;:&quot;classic&quot;,&quot;sticky_effects_offset&quot;:150,&quot;animation&quot;:&quot;slideInDown&quot;,&quot;sticky&quot;:&quot;top&quot;,&quot;sticky_on&quot;:[&quot;desktop&quot;,&quot;laptop&quot;,&quot;tablet&quot;,&quot;mobile&quot;],&quot;sticky_offset&quot;:0,&quot;sticky_anchor_link_offset&quot;:0}\">\n\t\t<div class=\"elementor-element elementor-element-21e9b44 e-con-full e-flex e-con e-child\" data-id=\"21e9b44\" data-element_type=\"container\" data-e-type=\"container\">\n\t\t\t\t<div class=\"elementor-element elementor-element-882854f elementor-view-default elementor-widget elementor-widget-icon\" data-id=\"882854f\" data-element_type=\"widget\" data-e-type=\"widget\" data-widget_type=\"icon.default\">\n\t\t\t\t<div class=\"elementor-widget-container\">\n\t\t\t\t\t\t\t<div class=\"elementor-icon-wrapper\">\n\t\t\t<a class=\"elementor-icon\" href=\"#elementor-action%3Aaction%3Dpopup%3Aopen%26settings%3DeyJpZCI6MjgzNywidG9nZ2xlIjpmYWxzZX0%3D\">\n\t\t\t<i aria-hidden=\"true\" class=\"xlwpf wppb-font-hamburger\"><\/i>\t\t\t<\/a>\n\t\t<\/div>\n\t\t\t\t\t\t<\/div>\n\t\t\t\t<\/div>\n\t\t\t\t<div class=\"elementor-element elementor-element-c549057 elementor-widget__width-initial elementor-widget elementor-widget-shortcode\" data-id=\"c549057\" data-element_type=\"widget\" data-e-type=\"widget\" data-widget_type=\"shortcode.default\">\n\t\t\t\t<div class=\"elementor-widget-container\">\n\t\t\t\t\t\t\t<div class=\"elementor-shortcode\">\n<div\n\t role=\"navigation\" aria-label=\"S\u00e9lecteur de langue\" class=\"wpml-ls-statics-shortcode_actions wpml-ls wpml-ls-legacy-dropdown js-wpml-ls-legacy-dropdown\">\n\t<ul>\n\t\t<li class=\"wpml-ls-slot-shortcode_actions wpml-ls-item wpml-ls-item-fr wpml-ls-current-language wpml-ls-item-legacy-dropdown\">\n\t\t\t<a href=\"#\" hreflang=\"\" lang=\"\" class=\"js-wpml-ls-item-toggle wpml-ls-item-toggle\" aria-current=\"page\" aria-expanded=\"false\" aria-controls=\"wpml-ls-submenu-default\" aria-label=\"S\u00e9lecteur de langue, appuyez sur tabulation pour naviguer vers d&#039;autres langues\" title=\"Passer \u00e0 (FRA)\">\n\t\t\t\t<span class=\"wpml-ls-native\">(FRA)<\/span><\/a>\n\n\t\t\t<ul id=\"wpml-ls-submenu-default\" class=\"wpml-ls-sub-menu\">\n\t\t\t\t\n\t\t\t\t\t<li class=\"wpml-ls-slot-shortcode_actions wpml-ls-item wpml-ls-item-en wpml-ls-first-item\">\n\t\t\t\t\t\t<a href=\"https:\/\/profilm.es\/en\/\" hreflang=\"en\" lang=\"en\" class=\"wpml-ls-link\" aria-label=\"Passer \u00e0 (ENG)\" title=\"Passer \u00e0 (ENG)\">\n\t\t\t\t\t\t\t<span class=\"wpml-ls-native\">(ENG)<\/span><\/a>\n\t\t\t\t\t<\/li>\n\n\t\t\t\t\n\t\t\t\t\t<li class=\"wpml-ls-slot-shortcode_actions wpml-ls-item wpml-ls-item-es wpml-ls-last-item\">\n\t\t\t\t\t\t<a href=\"https:\/\/profilm.es\/\" hreflang=\"es\" lang=\"es\" class=\"wpml-ls-link\" aria-label=\"Passer \u00e0 (ESP)\" title=\"Passer \u00e0 (ESP)\">\n\t\t\t\t\t\t\t<span class=\"wpml-ls-native\">(ESP)<\/span><\/a>\n\t\t\t\t\t<\/li>\n\n\t\t\t\t\t\t\t<\/ul>\n\n\t\t<\/li>\n\n\t<\/ul>\n<\/div>\n<\/div>\n\t\t\t\t\t\t<\/div>\n\t\t\t\t<\/div>\n\t\t\t\t<\/div>\n\t\t\t\t<\/header>\n\t\t<div class=\"elementor-element elementor-element-bb87007 e-con-full hero e-flex e-con e-child\" data-id=\"bb87007\" data-element_type=\"container\" data-e-type=\"container\" data-settings=\"{&quot;background_background&quot;:&quot;classic&quot;}\">\n\t\t<div class=\"elementor-element elementor-element-cd14809 e-con-full e-flex e-con e-child\" data-id=\"cd14809\" data-element_type=\"container\" data-e-type=\"container\" data-settings=\"{&quot;position&quot;:&quot;absolute&quot;}\">\n\t\t\t\t<div class=\"elementor-element elementor-element-28426f18 e-transform elementor-widget elementor-widget-shortcode\" data-id=\"28426f18\" data-element_type=\"widget\" data-e-type=\"widget\" data-settings=\"{&quot;_transform_translateY_effect&quot;:{&quot;unit&quot;:&quot;px&quot;,&quot;size&quot;:-100,&quot;sizes&quot;:[]},&quot;_transform_translateY_effect_tablet&quot;:{&quot;unit&quot;:&quot;px&quot;,&quot;size&quot;:0,&quot;sizes&quot;:[]},&quot;_transform_translateX_effect&quot;:{&quot;unit&quot;:&quot;px&quot;,&quot;size&quot;:&quot;&quot;,&quot;sizes&quot;:[]},&quot;_transform_translateX_effect_laptop&quot;:{&quot;unit&quot;:&quot;px&quot;,&quot;size&quot;:&quot;&quot;,&quot;sizes&quot;:[]},&quot;_transform_translateX_effect_tablet&quot;:{&quot;unit&quot;:&quot;px&quot;,&quot;size&quot;:&quot;&quot;,&quot;sizes&quot;:[]},&quot;_transform_translateX_effect_mobile&quot;:{&quot;unit&quot;:&quot;px&quot;,&quot;size&quot;:&quot;&quot;,&quot;sizes&quot;:[]},&quot;_transform_translateY_effect_laptop&quot;:{&quot;unit&quot;:&quot;px&quot;,&quot;size&quot;:&quot;&quot;,&quot;sizes&quot;:[]},&quot;_transform_translateY_effect_mobile&quot;:{&quot;unit&quot;:&quot;px&quot;,&quot;size&quot;:&quot;&quot;,&quot;sizes&quot;:[]}}\" data-widget_type=\"shortcode.default\">\n\t\t\t\t<div class=\"elementor-widget-container\">\n\t\t\t\t\t\t\t<div class=\"elementor-shortcode\"><div id=\"user-registration\" class=\"user-registration\">\n<div class=\"ur-frontend-form login ur-frontend-form--rounded ur-frontend-form--rounded-edge \" id=\"ur-frontend-form\">\n\t\t<form class=\"user-registration-form user-registration-form-login login\" method=\"post\">\n\t\t<div class=\"ur-form-row\">\n\t\t\t<div class=\"ur-form-grid\">\n\t\t\t\t\n\t\t\t\t\t<div class=\"\" data-field=\"login-title\"><span class=\"user-registration-login-title\"> Welcome <\/span> <\/br><p class=\"user-registration-login-description\"> Please enter your details to access your account. <\/p><\/div>\t\t\t\t\t\t\t\t<div\n\t\t\t\t\tclass=\" user-registration-form-row user-registration-form-row--wide form-row form-row-wide\"\n\t\t\t\t\tdata-field=\"username\">\n\t\t\t\t\t\t\t\t\t\t<span class=\"input-wrapper\">\n\t\t\t\t\t\t<input placeholder=\"Usuario o Email\" type=\"text\"\n\t\t\t\t\t\t\t\tclass=\"user-registration-Input user-registration-Input--text input-text\" name=\"username\"\n\t\t\t\t\t\t\t\tid=\"username\"\n\t\t\t\t\t\t\t   value=\"\"\n\t\t\t\t\t\t\t\tstyle=\"\"\n\t\t\t\t\t\t\t\t\t\t\t\t\t\t\/>\n\t\t\t\t\t\t\t\t\t\t\t\t<\/span>\n\t\t\t\t<\/div>\n\t\t\t\t\t\t\t\t\t<div\n\t\t\t\t\t\tclass=\" user-registration-form-row user-registration-form-row--wide form-row form-row-wide hide_show_password\"\n\t\t\t\t\t\tdata-field=\"password\">\n\t\t\t\t\t\t\t\t\t\t\t\t<span class=\"input-wrapper\">\n\t\t\t\t\t\t<span class=\"password-input-group\">\n\t\t\t\t\t\t<input\n\t\t\t\t\t\t\tplaceholder=\"Contrase\u00f1a\"\n\t\t\t\t\t\t\tclass=\"user-registration-Input user-registration-Input--text input-text\" type=\"password\"\n\t\t\t\t\t\t\tname=\"password\" id=\"password\"\n\t\t\t\t\t\t\tstyle=\"\"\n\t\t\t\t\t\t\t\t\t\t\t\t\t\/>\n\n\t\t\t\t\t\t\t\t\t\t\t\t<a href=\"javaScript:void(0)\" class=\"password_preview dashicons dashicons-hidden\"\n\t\t\t\t\t\t\ttitle=\"Show password\"><\/a>\n\t\t\t\t\t\t<\/span>\n\t\t\t\t\t\t\t\t\t\t\t\t\t\t\t\t\t\t\t\t<\/span>\n\t\t\t\t\t<\/div>\n\t\t\t\t\t\t\t\t\n\t\t\t\t\t\t\t\t<div class=\"form-row\">\n\t\t\t\t\t<input type=\"hidden\" id=\"user-registration-login-nonce\" name=\"user-registration-login-nonce\" value=\"ba24046796\" \/><input type=\"hidden\" name=\"_wp_http_referer\" value=\"\/fr\/wp-json\/wp\/v2\/pages\/2799\" \/>\t\t\t\t\t\t<div class=\"user-registration-before-login-btn\">\n\t\t\t\t\t\t\t\t\t\t\t\t\t\t\t<div class=\"\" data-field=\"remember-me\">\n\t\t\t\t\t\t\t\t\t<label\n\t\t\t\t\t\t\t\t\t\tclass=\"user-registration-form__label user-registration-form__label-for-checkbox inline\">\n\t\t\t\t\t\t\t\t\t\t<input\n\t\t\t\t\t\t\t\t\t\t\tclass=\"user-registration-form__input user-registration-form__input-checkbox\"\n\t\t\t\t\t\t\t\t\t\t\tname=\"rememberme\" type=\"checkbox\" id=\"rememberme\" value=\"forever\"\n\t\t\t\t\t\t\t\t\t\t\t\t\t\t\t\t\t\t\t\t\t\/>\n\t\t\t\t\t\t\t\t\t\t<span>Recu\u00e9rdame<\/span>\n\t\t\t\t\t\t\t\t\t<\/label>\n\t\t\t\t\t\t\t\t<\/div>\n\t\t\t\t\t\t\t\t\t\t\t\t\t\t\t\t\t\t\t\t\t\t\t<div data-field=\"lost-password\"\n\t\t\t\t\t\t\t\t\tclass=\"user-registration-LostPassword lost_password \">\n\t\t\t\t\t\t\t\t\t<label\n\t\t\t\t\t\t\t\t\t\tclass=\"user-registration-form__label user-registration-form__label-for-checkbox inline\">\n\t\t\t\t\t\t\t\t\t\t<a href=\"https:\/\/profilm.es\/lost-password\/\">He olvidado mi contrase\u00f1a<\/a>\n\t\t\t\t\t\t\t\t\t<\/label>\n\t\t\t\t\t\t\t\t<\/div>\n\t\t\t\t\t\t\t\t\t\t\t\t\t\t<\/div>\n\t\t\t\t\t\t\t\t\t\t<\/div>\n\t\t\t\t<div data-field=\"login-button\" class=\"\">\n\t\t\t\t\t\t\t\t\t\t\t\t\t\t\t\t<button type=\"submit\"\n\t\t\t\t\t\t\t\tclass=\"user-registration-Button button ur-submit-button  \"\n\t\t\t\t\t\t\t\tname=\"login\"\n\t\t\t\t\t\t\t\tvalue=\"ENTRAR\">ENTRAR<\/button>\n\t\t\t\t\t\t\t\t\t<\/div>\n\t\t\t\t<input type=\"hidden\" name=\"redirect\"\n\t\t\t\t\t\tvalue=\"\"\/>\n\t\t\t\t<input type=\"hidden\" name=\"previous_page\" value=\"\"\/>\n\t\t\t\t<div class=\"user-registration-register register \" data-field=\"registration-setting\">\t\t\t\t\t\t\t<a href=\"https:\/\/profilm.es\/fr\/profilm.es\/fr\/registro\/\"> \u00bfTodav\u00eda no eres miembro? Reg\u00edstrate ahora.\t\t\t\t\t\t<\/a>\n\t\t\t\t\t\t<\/div>\t\t\t\t\t\t\t<\/div>\n\t\t<\/div>\n\t<\/form>\n<\/div>\n\n<\/div><\/div>\n\t\t\t\t\t\t<\/div>\n\t\t\t\t<\/div>\n\t\t\t\t<div class=\"elementor-element elementor-element-6217ba2 elementor-widget elementor-widget-html\" data-id=\"6217ba2\" data-element_type=\"widget\" data-e-type=\"widget\" data-widget_type=\"html.default\">\n\t\t\t\t<div class=\"elementor-widget-container\">\n\t\t\t\t\t<script>document.addEventListener(\"DOMContentLoaded\", function() {\n    \/\/ Cambiar el t\u00edtulo \"Welcome\" a \"\u00c1rea interna\"\n    let title = document.querySelector(\".user-registration-login-title\");\n    if (title) title.innerText = \"\u00c1rea interna\";\n\n    \/\/ Cambiar el texto debajo del t\u00edtulo\n    let description = document.querySelector(\".user-registration-login-description\");\n    if (description) description.innerText = \"Ingresa tus datos para acceder a tu cuenta.\";\n\n    \/\/ Cambiar el placeholder del input usuario\/email\n    let userInput = document.querySelector(\"input[name='username']\");\n    if (userInput) userInput.placeholder = \"Introduce tu usuario o email\";\n\n    \/\/ Cambiar el placeholder del input contrase\u00f1a\n    let passwordInput = document.querySelector(\"input[name='password']\");\n    if (passwordInput) passwordInput.placeholder = \"Introduce tu contrase\u00f1a\";\n\n    \/\/ Cambiar el texto del checkbox \"Recu\u00e9rdame\"\n    let rememberMe = document.querySelector(\".user-registration-form__label-for-checkbox span\");\n    if (rememberMe) rememberMe.innerText = \"Recu\u00e9rdame\";\n\n    \/\/ Cambiar el enlace \"He olvidado mi contrase\u00f1a\"\n    let forgotPassword = document.querySelector(\".user-registration-LostPassword a\");\n    if (forgotPassword) forgotPassword.innerText = \"He olvidado mi contrase\u00f1a\";\n\n    \/\/ Cambiar el enlace de registro\n    let registerLink = document.querySelector(\".user-registration-register a\");\n    if (registerLink) registerLink.innerText = \"\u00bfTodav\u00eda no tienes cuenta? Reg\u00edstrate aqu\u00ed.\";\n\n    \/\/ Cambiar el texto del bot\u00f3n de inicio de sesi\u00f3n\n    let loginButton = document.querySelector(\".user-registration-Button\");\n    if (loginButton) loginButton.innerText = \"Iniciar sesi\u00f3n\";\n});\n\n<\/script>\t\t\t\t<\/div>\n\t\t\t\t<\/div>\n\t\t\t\t<\/div>\n\t\t\t\t<div class=\"elementor-element elementor-element-3d07b20 elementor-widget__width-inherit animated-slow elementor-invisible elementor-widget elementor-widget-image\" data-id=\"3d07b20\" data-element_type=\"widget\" data-e-type=\"widget\" data-settings=\"{&quot;_animation&quot;:&quot;fadeIn&quot;}\" data-widget_type=\"image.default\">\n\t\t\t\t<div class=\"elementor-widget-container\">\n\t\t\t\t\t\t\t\t\t\t\t\t\t\t\t<img fetchpriority=\"high\" decoding=\"async\" width=\"1618\" height=\"207\" src=\"https:\/\/profilm.es\/wp-content\/uploads\/2025\/02\/logo-amarillo.svg\" class=\"attachment-full size-full wp-image-2553\" alt=\"\" \/>\t\t\t\t\t\t\t\t\t\t\t\t\t\t\t<\/div>\n\t\t\t\t<\/div>\n\t\t\t\t<\/div>\n\t\t\t\t<\/div>\n\t\t","protected":false},"excerpt":{"rendered":"","protected":false},"author":1,"featured_media":0,"parent":0,"menu_order":0,"comment_status":"closed","ping_status":"closed","template":"elementor_canvas","meta":{"footnotes":""},"class_list":["post-2799","page","type-page","status-publish","hentry"],"yoast_head":"<!-- This site is optimized with the Yoast SEO Premium plugin v23.6 (Yoast SEO v27.3) - https:\/\/yoast.com\/product\/yoast-seo-premium-wordpress\/ -->\n<title>Connexion | PROFILM<\/title>\n<meta name=\"robots\" content=\"index, follow, max-snippet:-1, max-image-preview:large, max-video-preview:-1\" \/>\n<link rel=\"canonical\" href=\"https:\/\/profilm.es\/fr\/connexion\/\" \/>\n<meta property=\"og:locale\" content=\"fr_FR\" \/>\n<meta property=\"og:type\" content=\"article\" \/>\n<meta property=\"og:title\" content=\"Connexion\" \/>\n<meta property=\"og:url\" content=\"https:\/\/profilm.es\/fr\/connexion\/\" \/>\n<meta property=\"og:site_name\" content=\"PROFILM\" \/>\n<meta property=\"article:publisher\" content=\"https:\/\/www.facebook.com\/ProductorasAudiovisualInternacional.Profilm\/\" \/>\n<meta property=\"article:modified_time\" content=\"2025-05-21T17:06:17+00:00\" \/>\n<meta property=\"og:image\" content=\"https:\/\/profilm.es\/wp-content\/uploads\/2025\/02\/Profilm_Miniatura.jpg\" \/>\n\t<meta property=\"og:image:width\" content=\"1200\" \/>\n\t<meta property=\"og:image:height\" content=\"675\" \/>\n\t<meta property=\"og:image:type\" content=\"image\/jpeg\" \/>\n<meta name=\"twitter:card\" content=\"summary_large_image\" \/>\n<meta name=\"twitter:site\" content=\"@PROFILM_esp\" \/>\n<script type=\"application\/ld+json\" class=\"yoast-schema-graph\">{\"@context\":\"https:\\\/\\\/schema.org\",\"@graph\":[{\"@type\":\"WebPage\",\"@id\":\"https:\\\/\\\/profilm.es\\\/fr\\\/connexion\\\/\",\"url\":\"https:\\\/\\\/profilm.es\\\/fr\\\/connexion\\\/\",\"name\":\"Connexion | PROFILM\",\"isPartOf\":{\"@id\":\"https:\\\/\\\/profilm.es\\\/fr\\\/#website\"},\"primaryImageOfPage\":{\"@id\":\"https:\\\/\\\/profilm.es\\\/fr\\\/connexion\\\/#primaryimage\"},\"image\":{\"@id\":\"https:\\\/\\\/profilm.es\\\/fr\\\/connexion\\\/#primaryimage\"},\"thumbnailUrl\":\"https:\\\/\\\/profilm.es\\\/wp-content\\\/uploads\\\/2025\\\/02\\\/logo-amarillo.svg\",\"datePublished\":\"2025-02-14T13:01:45+00:00\",\"dateModified\":\"2025-05-21T17:06:17+00:00\",\"breadcrumb\":{\"@id\":\"https:\\\/\\\/profilm.es\\\/fr\\\/connexion\\\/#breadcrumb\"},\"inLanguage\":\"fr-FR\",\"potentialAction\":[{\"@type\":\"ReadAction\",\"target\":[\"https:\\\/\\\/profilm.es\\\/fr\\\/connexion\\\/\"]}]},{\"@type\":\"ImageObject\",\"inLanguage\":\"fr-FR\",\"@id\":\"https:\\\/\\\/profilm.es\\\/fr\\\/connexion\\\/#primaryimage\",\"url\":\"https:\\\/\\\/profilm.es\\\/wp-content\\\/uploads\\\/2025\\\/02\\\/logo-amarillo.svg\",\"contentUrl\":\"https:\\\/\\\/profilm.es\\\/wp-content\\\/uploads\\\/2025\\\/02\\\/logo-amarillo.svg\"},{\"@type\":\"BreadcrumbList\",\"@id\":\"https:\\\/\\\/profilm.es\\\/fr\\\/connexion\\\/#breadcrumb\",\"itemListElement\":[{\"@type\":\"ListItem\",\"position\":1,\"name\":\"Portada\",\"item\":\"https:\\\/\\\/profilm.es\\\/fr\\\/\"},{\"@type\":\"ListItem\",\"position\":2,\"name\":\"Connexion\"}]},{\"@type\":\"WebSite\",\"@id\":\"https:\\\/\\\/profilm.es\\\/fr\\\/#website\",\"url\":\"https:\\\/\\\/profilm.es\\\/fr\\\/\",\"name\":\"PROFILM\",\"description\":\"Producimos el audiovisual internacional en Espa\u00f1a. Nuestro objetivo: que m\u00e1s producciones escojan Espa\u00f1a para rodar sus pel\u00edculas y series\",\"publisher\":{\"@id\":\"https:\\\/\\\/profilm.es\\\/fr\\\/#organization\"},\"potentialAction\":[{\"@type\":\"SearchAction\",\"target\":{\"@type\":\"EntryPoint\",\"urlTemplate\":\"https:\\\/\\\/profilm.es\\\/fr\\\/?s={search_term_string}\"},\"query-input\":{\"@type\":\"PropertyValueSpecification\",\"valueRequired\":true,\"valueName\":\"search_term_string\"}}],\"inLanguage\":\"fr-FR\"},{\"@type\":\"Organization\",\"@id\":\"https:\\\/\\\/profilm.es\\\/fr\\\/#organization\",\"name\":\"PROFILM\",\"url\":\"https:\\\/\\\/profilm.es\\\/fr\\\/\",\"logo\":{\"@type\":\"ImageObject\",\"inLanguage\":\"fr-FR\",\"@id\":\"https:\\\/\\\/profilm.es\\\/fr\\\/#\\\/schema\\\/logo\\\/image\\\/\",\"url\":\"https:\\\/\\\/profilm.es\\\/wp-content\\\/uploads\\\/2025\\\/02\\\/PROFILM_Logo-01.svg\",\"contentUrl\":\"https:\\\/\\\/profilm.es\\\/wp-content\\\/uploads\\\/2025\\\/02\\\/PROFILM_Logo-01.svg\",\"width\":248,\"height\":78,\"caption\":\"PROFILM\"},\"image\":{\"@id\":\"https:\\\/\\\/profilm.es\\\/fr\\\/#\\\/schema\\\/logo\\\/image\\\/\"},\"sameAs\":[\"https:\\\/\\\/www.facebook.com\\\/ProductorasAudiovisualInternacional.Profilm\\\/\",\"https:\\\/\\\/x.com\\\/PROFILM_esp\",\"https:\\\/\\\/www.linkedin.com\\\/in\\\/profilm-asociacion-421860177\\\/\"]}]}<\/script>\n<!-- \/ Yoast SEO Premium plugin. -->","yoast_head_json":{"title":"Connexion | PROFILM","robots":{"index":"index","follow":"follow","max-snippet":"max-snippet:-1","max-image-preview":"max-image-preview:large","max-video-preview":"max-video-preview:-1"},"canonical":"https:\/\/profilm.es\/fr\/connexion\/","og_locale":"fr_FR","og_type":"article","og_title":"Connexion","og_url":"https:\/\/profilm.es\/fr\/connexion\/","og_site_name":"PROFILM","article_publisher":"https:\/\/www.facebook.com\/ProductorasAudiovisualInternacional.Profilm\/","article_modified_time":"2025-05-21T17:06:17+00:00","og_image":[{"width":1200,"height":675,"url":"https:\/\/profilm.es\/wp-content\/uploads\/2025\/02\/Profilm_Miniatura.jpg","type":"image\/jpeg"}],"twitter_card":"summary_large_image","twitter_site":"@PROFILM_esp","schema":{"@context":"https:\/\/schema.org","@graph":[{"@type":"WebPage","@id":"https:\/\/profilm.es\/fr\/connexion\/","url":"https:\/\/profilm.es\/fr\/connexion\/","name":"Connexion | PROFILM","isPartOf":{"@id":"https:\/\/profilm.es\/fr\/#website"},"primaryImageOfPage":{"@id":"https:\/\/profilm.es\/fr\/connexion\/#primaryimage"},"image":{"@id":"https:\/\/profilm.es\/fr\/connexion\/#primaryimage"},"thumbnailUrl":"https:\/\/profilm.es\/wp-content\/uploads\/2025\/02\/logo-amarillo.svg","datePublished":"2025-02-14T13:01:45+00:00","dateModified":"2025-05-21T17:06:17+00:00","breadcrumb":{"@id":"https:\/\/profilm.es\/fr\/connexion\/#breadcrumb"},"inLanguage":"fr-FR","potentialAction":[{"@type":"ReadAction","target":["https:\/\/profilm.es\/fr\/connexion\/"]}]},{"@type":"ImageObject","inLanguage":"fr-FR","@id":"https:\/\/profilm.es\/fr\/connexion\/#primaryimage","url":"https:\/\/profilm.es\/wp-content\/uploads\/2025\/02\/logo-amarillo.svg","contentUrl":"https:\/\/profilm.es\/wp-content\/uploads\/2025\/02\/logo-amarillo.svg"},{"@type":"BreadcrumbList","@id":"https:\/\/profilm.es\/fr\/connexion\/#breadcrumb","itemListElement":[{"@type":"ListItem","position":1,"name":"Portada","item":"https:\/\/profilm.es\/fr\/"},{"@type":"ListItem","position":2,"name":"Connexion"}]},{"@type":"WebSite","@id":"https:\/\/profilm.es\/fr\/#website","url":"https:\/\/profilm.es\/fr\/","name":"PROFILM","description":"Producimos el audiovisual internacional en Espa\u00f1a. Nuestro objetivo: que m\u00e1s producciones escojan Espa\u00f1a para rodar sus pel\u00edculas y series","publisher":{"@id":"https:\/\/profilm.es\/fr\/#organization"},"potentialAction":[{"@type":"SearchAction","target":{"@type":"EntryPoint","urlTemplate":"https:\/\/profilm.es\/fr\/?s={search_term_string}"},"query-input":{"@type":"PropertyValueSpecification","valueRequired":true,"valueName":"search_term_string"}}],"inLanguage":"fr-FR"},{"@type":"Organization","@id":"https:\/\/profilm.es\/fr\/#organization","name":"PROFILM","url":"https:\/\/profilm.es\/fr\/","logo":{"@type":"ImageObject","inLanguage":"fr-FR","@id":"https:\/\/profilm.es\/fr\/#\/schema\/logo\/image\/","url":"https:\/\/profilm.es\/wp-content\/uploads\/2025\/02\/PROFILM_Logo-01.svg","contentUrl":"https:\/\/profilm.es\/wp-content\/uploads\/2025\/02\/PROFILM_Logo-01.svg","width":248,"height":78,"caption":"PROFILM"},"image":{"@id":"https:\/\/profilm.es\/fr\/#\/schema\/logo\/image\/"},"sameAs":["https:\/\/www.facebook.com\/ProductorasAudiovisualInternacional.Profilm\/","https:\/\/x.com\/PROFILM_esp","https:\/\/www.linkedin.com\/in\/profilm-asociacion-421860177\/"]}]}},"_links":{"self":[{"href":"https:\/\/profilm.es\/fr\/wp-json\/wp\/v2\/pages\/2799","targetHints":{"allow":["GET"]}}],"collection":[{"href":"https:\/\/profilm.es\/fr\/wp-json\/wp\/v2\/pages"}],"about":[{"href":"https:\/\/profilm.es\/fr\/wp-json\/wp\/v2\/types\/page"}],"author":[{"embeddable":true,"href":"https:\/\/profilm.es\/fr\/wp-json\/wp\/v2\/users\/1"}],"replies":[{"embeddable":true,"href":"https:\/\/profilm.es\/fr\/wp-json\/wp\/v2\/comments?post=2799"}],"version-history":[{"count":0,"href":"https:\/\/profilm.es\/fr\/wp-json\/wp\/v2\/pages\/2799\/revisions"}],"wp:attachment":[{"href":"https:\/\/profilm.es\/fr\/wp-json\/wp\/v2\/media?parent=2799"}],"curies":[{"name":"wp","href":"https:\/\/api.w.org\/{rel}","templated":true}]}}